{"id":19,"date":"2021-07-06T11:58:41","date_gmt":"2021-07-06T11:58:41","guid":{"rendered":"http:\/\/culturessense.com\/?page_id=19"},"modified":"2021-07-29T05:20:46","modified_gmt":"2021-07-29T05:20:46","slug":"geschaeftskundenbegleitung","status":"publish","type":"page","link":"https:\/\/culturessense.com\/de\/geschaeftskundenbegleitung\/","title":{"rendered":"Gesch\u00e4ftskundenbegleitung"},"content":{"rendered":"\t\t<div data-elementor-type=\"wp-page\" data-elementor-id=\"19\" class=\"elementor elementor-19\" data-elementor-settings=\"[]\">\n\t\t\t\t\t\t\t<div class=\"elementor-section-wrap\">\n\t\t\t\t\t\t\t<section class=\"elementor-section elementor-top-section elementor-element elementor-element-1ee2926 elementor-section-height-min-height elementor-hidden-tablet elementor-hidden-phone elementor-section-boxed elementor-section-height-default elementor-section-items-middle\" data-id=\"1ee2926\" data-element_type=\"section\" data-settings=\"{&quot;background_background&quot;:&quot;classic&quot;}\">\n\t\t\t\t\t\t<div class=\"elementor-container elementor-column-gap-default\">\n\t\t\t\t\t<div class=\"elementor-column elementor-col-100 elementor-top-column elementor-element elementor-element-00bd6ed\" data-id=\"00bd6ed\" data-element_type=\"column\">\n\t\t\t<div class=\"elementor-widget-wrap elementor-element-populated\">\n\t\t\t\t\t\t\t\t<div class=\"elementor-element elementor-element-5ba60193 elementor-widget elementor-widget-heading\" data-id=\"5ba60193\" data-element_type=\"widget\" data-widget_type=\"heading.default\">\n\t\t\t\t<div class=\"elementor-widget-container\">\n\t\t\t<h1 class=\"elementor-heading-title elementor-size-default\">Gesch\u00e4ftskunden-<br>und G\u00e4stebegleitung<\/h1>\t\t<\/div>\n\t\t\t\t<\/div>\n\t\t\t\t\t<\/div>\n\t\t<\/div>\n\t\t\t\t\t\t\t<\/div>\n\t\t<\/section>\n\t\t\t\t<section class=\"elementor-section elementor-top-section elementor-element elementor-element-56a87a39 elementor-section-boxed elementor-section-height-default elementor-section-height-default\" data-id=\"56a87a39\" data-element_type=\"section\">\n\t\t\t\t\t\t<div class=\"elementor-container elementor-column-gap-default\">\n\t\t\t\t\t<div class=\"elementor-column elementor-col-100 elementor-top-column elementor-element elementor-element-371a1e2c\" data-id=\"371a1e2c\" data-element_type=\"column\">\n\t\t\t<div class=\"elementor-widget-wrap elementor-element-populated\">\n\t\t\t\t\t\t\t\t<div class=\"elementor-element elementor-element-297bc3ec elementor-widget elementor-widget-spacer\" data-id=\"297bc3ec\" data-element_type=\"widget\" data-widget_type=\"spacer.default\">\n\t\t\t\t<div class=\"elementor-widget-container\">\n\t\t\t\t\t<div class=\"elementor-spacer\">\n\t\t\t<div class=\"elementor-spacer-inner\"><\/div>\n\t\t<\/div>\n\t\t\t\t<\/div>\n\t\t\t\t<\/div>\n\t\t\t\t<div class=\"elementor-element elementor-element-e24f055 elementor-hidden-desktop elementor-widget elementor-widget-heading\" data-id=\"e24f055\" data-element_type=\"widget\" data-widget_type=\"heading.default\">\n\t\t\t\t<div class=\"elementor-widget-container\">\n\t\t\t<h1 class=\"elementor-heading-title elementor-size-default\">Gesch\u00e4ftskunden-<br>und G\u00e4stebegleitung<\/h1>\t\t<\/div>\n\t\t\t\t<\/div>\n\t\t\t\t<div class=\"elementor-element elementor-element-4cb19a48 elementor-widget elementor-widget-text-editor\" data-id=\"4cb19a48\" data-element_type=\"widget\" data-widget_type=\"text-editor.default\">\n\t\t\t\t<div class=\"elementor-widget-container\">\n\t\t\t\t\t\t\t\t<p>Ich biete in M\u00fcnchen u. a. (interkulturelle) Begleitung von Privatpersonen, Gesch\u00e4ftskunden, G\u00e4stebetreuung, Messebegleitung und Delegationsbetreuung.<\/p>\t\t\t\t\t\t<\/div>\n\t\t\t\t<\/div>\n\t\t\t\t<div class=\"elementor-element elementor-element-273f7307 elementor-widget elementor-widget-text-editor\" data-id=\"273f7307\" data-element_type=\"widget\" data-widget_type=\"text-editor.default\">\n\t\t\t\t<div class=\"elementor-widget-container\">\n\t\t\t\t\t\t\t\t<p>F\u00fcr Ihre G\u00e4ste oder Kunden aus aller Welt biete ich ein Rundum-sorglos-Paket an, das individuell auf die jeweiligen W\u00fcnsche und Interessen der G\u00e4ste abgestimmt ist. Ich k\u00fcmmere mich sowohl um einzelne Personen, als auch um Gruppen und Delegationen und mache ihren Aufenthalt in M\u00fcnchen zu einem kulturellen und kulinarischen Erlebnis. Als langj\u00e4hrige Stadtf\u00fchrerin kenne ich M\u00fcnchen bestens und leite Stadtf\u00fchrungen zu Fu\u00df, mit dem Rad, mit dem Bus oder zu bestimmten historischen oder kulturellen Themen. Da ich zus\u00e4tzlich staatl. gepr. \u00dcbersetzerin und Fachdolmetscherin bin, k\u00f6nnen so auch professionell sprachliche H\u00fcrden gemeistert werden (Ich bin zertifiziert f\u00fcr die Sprachkombination Englisch und Deutsch, spreche aber auch flie\u00dfend Spanisch).<\/p>\t\t\t\t\t\t<\/div>\n\t\t\t\t<\/div>\n\t\t\t\t<div class=\"elementor-element elementor-element-536e10f3 elementor-widget elementor-widget-heading\" data-id=\"536e10f3\" data-element_type=\"widget\" data-widget_type=\"heading.default\">\n\t\t\t\t<div class=\"elementor-widget-container\">\n\t\t\t<h2 class=\"elementor-heading-title elementor-size-default\">Sie k\u00f6nnen w\u00e4hlen aus:<\/h2>\t\t<\/div>\n\t\t\t\t<\/div>\n\t\t\t\t<div class=\"elementor-element elementor-element-4cd92453 elementor-icon-list--layout-traditional elementor-list-item-link-full_width elementor-widget elementor-widget-icon-list\" data-id=\"4cd92453\" data-element_type=\"widget\" data-widget_type=\"icon-list.default\">\n\t\t\t\t<div class=\"elementor-widget-container\">\n\t\t\t\t\t<ul class=\"elementor-icon-list-items\">\n\t\t\t\t\t\t\t<li class=\"elementor-icon-list-item\">\n\t\t\t\t\t\t\t\t\t\t\t<span class=\"elementor-icon-list-icon\">\n\t\t\t\t\t\t\t<i aria-hidden=\"true\" class=\"fas fa-check\"><\/i>\t\t\t\t\t\t<\/span>\n\t\t\t\t\t\t\t\t\t\t<span class=\"elementor-icon-list-text\">Organisation und Durchf\u00fchrung von Transfers, wie Abholung vom Flughafen MUC<\/span>\n\t\t\t\t\t\t\t\t\t<\/li>\n\t\t\t\t\t\t\t\t<li class=\"elementor-icon-list-item\">\n\t\t\t\t\t\t\t\t\t\t\t<span class=\"elementor-icon-list-icon\">\n\t\t\t\t\t\t\t<i aria-hidden=\"true\" class=\"fas fa-check\"><\/i>\t\t\t\t\t\t<\/span>\n\t\t\t\t\t\t\t\t\t\t<span class=\"elementor-icon-list-text\">Kurzes kulturelles Briefing zu Deutschland und Bayern, Do\u00b4s & Don\u00b4ts<\/span>\n\t\t\t\t\t\t\t\t\t<\/li>\n\t\t\t\t\t\t\t\t<li class=\"elementor-icon-list-item\">\n\t\t\t\t\t\t\t\t\t\t\t<span class=\"elementor-icon-list-icon\">\n\t\t\t\t\t\t\t<i aria-hidden=\"true\" class=\"fas fa-check\"><\/i>\t\t\t\t\t\t<\/span>\n\t\t\t\t\t\t\t\t\t\t<span class=\"elementor-icon-list-text\">Unterst\u00fctzung bei Buchung von Unterk\u00fcnften oder Events<\/span>\n\t\t\t\t\t\t\t\t\t<\/li>\n\t\t\t\t\t\t\t\t<li class=\"elementor-icon-list-item\">\n\t\t\t\t\t\t\t\t\t\t\t<span class=\"elementor-icon-list-icon\">\n\t\t\t\t\t\t\t<i aria-hidden=\"true\" class=\"fas fa-check\"><\/i>\t\t\t\t\t\t<\/span>\n\t\t\t\t\t\t\t\t\t\t<span class=\"elementor-icon-list-text\">Freizeitprogramm nach Wunsch, inkl. diverse Freizeittipps (z. B. zu Themen wie Ausfl\u00fcgen, Restaurants, Museen, Shopping, Souvenirs, Sport, Kunst, Musik, Party, Events, Wellness, Kultur, Bier und Brauereien, Auto, Natur, Kinder und Familie)<\/span>\n\t\t\t\t\t\t\t\t\t<\/li>\n\t\t\t\t\t\t\t\t<li class=\"elementor-icon-list-item\">\n\t\t\t\t\t\t\t\t\t\t\t<span class=\"elementor-icon-list-icon\">\n\t\t\t\t\t\t\t<i aria-hidden=\"true\" class=\"fas fa-check\"><\/i>\t\t\t\t\t\t<\/span>\n\t\t\t\t\t\t\t\t\t\t<span class=\"elementor-icon-list-text\">Organisation und Durchf\u00fchrung von Ausfl\u00fcgen ins M\u00fcnchner Umland (z. B. Chiemsee, Schloss Neuschwanstein, Berg- und Wandertouren, Bade- und Seentouren, Wellness, Ski- und Snowboardausfl\u00fcge)<\/span>\n\t\t\t\t\t\t\t\t\t<\/li>\n\t\t\t\t\t\t\t\t<li class=\"elementor-icon-list-item\">\n\t\t\t\t\t\t\t\t\t\t\t<span class=\"elementor-icon-list-icon\">\n\t\t\t\t\t\t\t<i aria-hidden=\"true\" class=\"fas fa-check\"><\/i>\t\t\t\t\t\t<\/span>\n\t\t\t\t\t\t\t\t\t\t<span class=\"elementor-icon-list-text\">Begleitung und Dolmetschen bei Messen, Verhandlungen, Beh\u00f6rdeng\u00e4ngen oder beispielsweise auch ins Krankenhaus oder bei Arztterminen<\/span>\n\t\t\t\t\t\t\t\t\t<\/li>\n\t\t\t\t\t\t\t\t<li class=\"elementor-icon-list-item\">\n\t\t\t\t\t\t\t\t\t\t\t<span class=\"elementor-icon-list-icon\">\n\t\t\t\t\t\t\t<i aria-hidden=\"true\" class=\"fas fa-check\"><\/i>\t\t\t\t\t\t<\/span>\n\t\t\t\t\t\t\t\t\t\t<span class=\"elementor-icon-list-text\">Betreuung von Familien und Kindern und Unterst\u00fctzung bei der Suche nach Kinderbetreuung<\/span>\n\t\t\t\t\t\t\t\t\t<\/li>\n\t\t\t\t\t\t<\/ul>\n\t\t\t\t<\/div>\n\t\t\t\t<\/div>\n\t\t\t\t<div class=\"elementor-element elementor-element-4c7cc6eb elementor-widget elementor-widget-text-editor\" data-id=\"4c7cc6eb\" data-element_type=\"widget\" data-widget_type=\"text-editor.default\">\n\t\t\t\t<div class=\"elementor-widget-container\">\n\t\t\t\t\t\t\t\t<p>Mir ist es ein Bed\u00fcrfnis, dass sich Ihre nationalen und internationalen G\u00e4ste und Kunden wohl f\u00fchlen, einen authentischen Eindruck von der Stadt, dem Land und den Leuten bekommen, eine wundersch\u00f6ne und unvergessliche Zeit in M\u00fcnchen verleben und habe immer ein offenes Ohr f\u00fcr ihre W\u00fcnsche und Anliegen. So ist ein reibungsloser Ablauf Ihres Kundenbesuchs gew\u00e4hrleistet und Ihre G\u00e4ste werden professionell, aber auch humorvoll und geistreich unterhalten und bestens informiert!<\/p>\t\t\t\t\t\t<\/div>\n\t\t\t\t<\/div>\n\t\t\t\t<div class=\"elementor-element elementor-element-2b78b489 elementor-widget elementor-widget-button\" data-id=\"2b78b489\" data-element_type=\"widget\" data-widget_type=\"button.default\">\n\t\t\t\t<div class=\"elementor-widget-container\">\n\t\t\t\t\t<div class=\"elementor-button-wrapper\">\n\t\t\t<a href=\"\/kontakt\/\" class=\"elementor-button-link elementor-button elementor-size-sm\" role=\"button\">\n\t\t\t\t\t\t<span class=\"elementor-button-content-wrapper\">\n\t\t\t\t\t\t<span class=\"elementor-button-text\">Jetzt anfragen<\/span>\n\t\t<\/span>\n\t\t\t\t\t<\/a>\n\t\t<\/div>\n\t\t\t\t<\/div>\n\t\t\t\t<\/div>\n\t\t\t\t<div class=\"elementor-element elementor-element-9b40ab6 elementor-widget elementor-widget-spacer\" data-id=\"9b40ab6\" data-element_type=\"widget\" data-widget_type=\"spacer.default\">\n\t\t\t\t<div class=\"elementor-widget-container\">\n\t\t\t\t\t<div class=\"elementor-spacer\">\n\t\t\t<div class=\"elementor-spacer-inner\"><\/div>\n\t\t<\/div>\n\t\t\t\t<\/div>\n\t\t\t\t<\/div>\n\t\t\t\t\t<\/div>\n\t\t<\/div>\n\t\t\t\t\t\t\t<\/div>\n\t\t<\/section>\n\t\t\t\t\t\t<\/div>\n\t\t\t\t\t<\/div>\n\t\t","protected":false},"excerpt":{"rendered":"<p>Gesch\u00e4ftskunden-und G\u00e4stebegleitung Gesch\u00e4ftskunden-und G\u00e4stebegleitung Ich biete in M\u00fcnchen u. a. (interkulturelle) Begleitung von Privatpersonen, Gesch\u00e4ftskunden, G\u00e4stebetreuung, Messebegleitung und Delegationsbetreuung. F\u00fcr Ihre G\u00e4ste oder Kunden aus aller Welt biete ich ein Rundum-sorglos-Paket an, das individuell auf die jeweiligen W\u00fcnsche und Interessen der G\u00e4ste abgestimmt ist. Ich k\u00fcmmere mich sowohl um einzelne Personen, als auch um Gruppen [&hellip;]<\/p>\n","protected":false},"author":1,"featured_media":0,"parent":0,"menu_order":0,"comment_status":"closed","ping_status":"closed","template":"","meta":{"footnotes":""},"class_list":["post-19","page","type-page","status-publish","hentry"],"_links":{"self":[{"href":"https:\/\/culturessense.com\/de\/wp-json\/wp\/v2\/pages\/19","targetHints":{"allow":["GET"]}}],"collection":[{"href":"https:\/\/culturessense.com\/de\/wp-json\/wp\/v2\/pages"}],"about":[{"href":"https:\/\/culturessense.com\/de\/wp-json\/wp\/v2\/types\/page"}],"author":[{"embeddable":true,"href":"https:\/\/culturessense.com\/de\/wp-json\/wp\/v2\/users\/1"}],"replies":[{"embeddable":true,"href":"https:\/\/culturessense.com\/de\/wp-json\/wp\/v2\/comments?post=19"}],"version-history":[{"count":38,"href":"https:\/\/culturessense.com\/de\/wp-json\/wp\/v2\/pages\/19\/revisions"}],"predecessor-version":[{"id":1209,"href":"https:\/\/culturessense.com\/de\/wp-json\/wp\/v2\/pages\/19\/revisions\/1209"}],"wp:attachment":[{"href":"https:\/\/culturessense.com\/de\/wp-json\/wp\/v2\/media?parent=19"}],"curies":[{"name":"wp","href":"https:\/\/api.w.org\/{rel}","templated":true}]}}