{"id":23,"date":"2021-07-06T12:00:38","date_gmt":"2021-07-06T12:00:38","guid":{"rendered":"http:\/\/culturessense.com\/?page_id=23"},"modified":"2021-07-28T04:31:55","modified_gmt":"2021-07-28T04:31:55","slug":"kontakt","status":"publish","type":"page","link":"https:\/\/culturessense.com\/de\/kontakt\/","title":{"rendered":"Kontakt"},"content":{"rendered":"\t\t<div data-elementor-type=\"wp-page\" data-elementor-id=\"23\" class=\"elementor elementor-23\" data-elementor-settings=\"[]\">\n\t\t\t\t\t\t\t<div class=\"elementor-section-wrap\">\n\t\t\t\t\t\t\t<section class=\"elementor-section elementor-top-section elementor-element elementor-element-de0e775 elementor-section-boxed elementor-section-height-default elementor-section-height-default\" data-id=\"de0e775\" data-element_type=\"section\">\n\t\t\t\t\t\t<div class=\"elementor-container elementor-column-gap-default\">\n\t\t\t\t\t<div class=\"elementor-column elementor-col-100 elementor-top-column elementor-element elementor-element-7b9c0f9\" data-id=\"7b9c0f9\" data-element_type=\"column\">\n\t\t\t<div class=\"elementor-widget-wrap elementor-element-populated\">\n\t\t\t\t\t\t\t\t<div class=\"elementor-element elementor-element-8948705 elementor-widget elementor-widget-spacer\" data-id=\"8948705\" data-element_type=\"widget\" data-widget_type=\"spacer.default\">\n\t\t\t\t<div class=\"elementor-widget-container\">\n\t\t\t\t\t<div class=\"elementor-spacer\">\n\t\t\t<div class=\"elementor-spacer-inner\"><\/div>\n\t\t<\/div>\n\t\t\t\t<\/div>\n\t\t\t\t<\/div>\n\t\t\t\t<div class=\"elementor-element elementor-element-812c3ae elementor-widget elementor-widget-heading\" data-id=\"812c3ae\" data-element_type=\"widget\" data-widget_type=\"heading.default\">\n\t\t\t\t<div class=\"elementor-widget-container\">\n\t\t\t<h2 class=\"elementor-heading-title elementor-size-default\">Kurse  und Dienste buchen<\/h2>\t\t<\/div>\n\t\t\t\t<\/div>\n\t\t\t\t<div class=\"elementor-element elementor-element-614cc4d elementor-widget elementor-widget-text-editor\" data-id=\"614cc4d\" data-element_type=\"widget\" data-widget_type=\"text-editor.default\">\n\t\t\t\t<div class=\"elementor-widget-container\">\n\t\t\t\t\t\t\t\t<p>Wenn Sie sich f\u00fcr meine Kurse oder Dienstleistungen interessieren und ein individuelles Angebot w\u00fcnschen, kontaktieren Sie mich bitte!<\/p><p>Hier k\u00f6nnen Sie unverbindlich Kurszeiten, Buchungen, Preise und Sonderangebote erfragen.<\/p>\t\t\t\t\t\t<\/div>\n\t\t\t\t<\/div>\n\t\t\t\t<div class=\"elementor-element elementor-element-1a27a7f elementor-button-align-stretch elementor-widget elementor-widget-form\" data-id=\"1a27a7f\" data-element_type=\"widget\" data-settings=\"{&quot;button_width&quot;:&quot;75&quot;,&quot;step_next_label&quot;:&quot;Next&quot;,&quot;step_previous_label&quot;:&quot;Previous&quot;,&quot;step_type&quot;:&quot;number_text&quot;,&quot;step_icon_shape&quot;:&quot;circle&quot;}\" data-widget_type=\"form.default\">\n\t\t\t\t<div class=\"elementor-widget-container\">\n\t\t\t\t\t<form class=\"elementor-form\" method=\"post\" name=\"New Form\">\n\t\t\t<input type=\"hidden\" name=\"post_id\" value=\"23\"\/>\n\t\t\t<input type=\"hidden\" name=\"form_id\" value=\"1a27a7f\"\/>\n\t\t\t<input type=\"hidden\" name=\"referer_title\" value=\"\" \/>\n\n\t\t\t\n\t\t\t<div class=\"elementor-form-fields-wrapper elementor-labels-above\">\n\t\t\t\t\t\t\t\t<div class=\"elementor-field-type-text elementor-field-group elementor-column elementor-field-group-name elementor-col-75\">\n\t\t\t\t\t<label for=\"form-field-name\" class=\"elementor-field-label\">Name<\/label><input size=\"1\" type=\"text\" name=\"form_fields[name]\" id=\"form-field-name\" class=\"elementor-field elementor-size-sm  elementor-field-textual\">\t\t\t\t<\/div>\n\t\t\t\t\t\t\t\t<div class=\"elementor-field-type-email elementor-field-group elementor-column elementor-field-group-email elementor-col-75 elementor-field-required\">\n\t\t\t\t\t<label for=\"form-field-email\" class=\"elementor-field-label\">E-Mail<\/label><input size=\"1\" type=\"email\" name=\"form_fields[email]\" id=\"form-field-email\" class=\"elementor-field elementor-size-sm  elementor-field-textual\" required=\"required\" aria-required=\"true\">\t\t\t\t<\/div>\n\t\t\t\t\t\t\t\t<div class=\"elementor-field-type-tel elementor-field-group elementor-column elementor-field-group-field_8458664 elementor-col-75 elementor-field-required\">\n\t\t\t\t\t<label for=\"form-field-field_8458664\" class=\"elementor-field-label\">Telefon<\/label><input size=\"1\" type=\"tel\" name=\"form_fields[field_8458664]\" id=\"form-field-field_8458664\" class=\"elementor-field elementor-size-sm  elementor-field-textual\" required=\"required\" aria-required=\"true\" pattern=\"[0-9()#&amp;+*-=.]+\" title=\"Nur Nummern oder Telefon-Zeichen (#, -, *, etc) werden akzeptiert.\">\t\t\t\t<\/div>\n\t\t\t\t\t\t\t\t<div class=\"elementor-field-type-select elementor-field-group elementor-column elementor-field-group-field_d0e1384 elementor-col-75\">\n\t\t\t\t\t<label for=\"form-field-field_d0e1384\" class=\"elementor-field-label\">F\u00fcr welches Angebot interessieren Sie sich?<\/label>\t\t<div class=\"elementor-field elementor-select-wrapper \">\n\t\t\t<select name=\"form_fields[field_d0e1384]\" id=\"form-field-field_d0e1384\" class=\"elementor-field-textual elementor-size-sm\">\n\t\t\t\t<option value=\"\"><\/option><option value=\"Cultural Awareness Training Germany\">Cultural Awareness Training Germany<\/option><option value=\"Cultural Awareness Training Munich\">Cultural Awareness Training Munich<\/option><option value=\"Gesch\u00e4ftskundenbegleitung\">Gesch\u00e4ftskundenbegleitung<\/option><option value=\"Sprachkurse Englisch\">Sprachkurse Englisch<\/option><option value=\"Sprachkurse Deutsch\">Sprachkurse Deutsch<\/option><option value=\"Sprachkurse Spanisch\">Sprachkurse Spanisch<\/option><option value=\"Sparchkurse Bayrisch\">Sparchkurse Bayrisch<\/option><option value=\"\u00dcbersetzungen\">\u00dcbersetzungen<\/option><option value=\"Dolmetschen\">Dolmetschen<\/option><option value=\"Lektorat und Korrekturlesen\">Lektorat und Korrekturlesen<\/option><option value=\"Workshop &quot;Bier&quot;\">Workshop &quot;Bier&quot;<\/option><option value=\"Workshop &quot;Witches &amp; Bitches&quot;\">Workshop &quot;Witches &amp; Bitches&quot;<\/option>\t\t\t<\/select>\n\t\t<\/div>\n\t\t\t\t\t\t<\/div>\n\t\t\t\t\t\t\t\t<div class=\"elementor-field-type-textarea elementor-field-group elementor-column elementor-field-group-message elementor-col-75\">\n\t\t\t\t\t<label for=\"form-field-message\" class=\"elementor-field-label\">Nachricht<\/label><textarea class=\"elementor-field-textual elementor-field  elementor-size-sm\" name=\"form_fields[message]\" id=\"form-field-message\" rows=\"4\" placeholder=\"Schildern Sie mir Ihr Anliegen. \"><\/textarea>\t\t\t\t<\/div>\n\t\t\t\t\t\t\t\t<div class=\"elementor-field-group elementor-column elementor-field-type-submit elementor-col-75 e-form__buttons\">\n\t\t\t\t\t<button type=\"submit\" class=\"elementor-button elementor-size-sm\">\n\t\t\t\t\t\t<span >\n\t\t\t\t\t\t\t\t\t\t\t\t\t\t\t<span class=\" elementor-button-icon\">\n\t\t\t\t\t\t\t\t\t\t\t\t\t\t\t\t\t\t\t\t\t\t\t\t\t\t<\/span>\n\t\t\t\t\t\t\t\t\t\t\t\t\t\t\t\t\t\t\t\t\t\t<span class=\"elementor-button-text\">Absenden<\/span>\n\t\t\t\t\t\t\t\t\t\t\t\t\t<\/span>\n\t\t\t\t\t<\/button>\n\t\t\t\t<\/div>\n\t\t\t<\/div>\n\t\t<\/form>\n\t\t\t\t<\/div>\n\t\t\t\t<\/div>\n\t\t\t\t<div class=\"elementor-element elementor-element-43cf821 elementor-widget elementor-widget-text-editor\" data-id=\"43cf821\" data-element_type=\"widget\" data-widget_type=\"text-editor.default\">\n\t\t\t\t<div class=\"elementor-widget-container\">\n\t\t\t\t\t\t\t\t<p>Vielen Dank f\u00fcr Ihre Kontaktaufnahme. Ich werde mich alsbald bei Ihnen melden.<\/p>\t\t\t\t\t\t<\/div>\n\t\t\t\t<\/div>\n\t\t\t\t<div class=\"elementor-element elementor-element-910a0d3 elementor-widget elementor-widget-spacer\" data-id=\"910a0d3\" data-element_type=\"widget\" data-widget_type=\"spacer.default\">\n\t\t\t\t<div class=\"elementor-widget-container\">\n\t\t\t\t\t<div class=\"elementor-spacer\">\n\t\t\t<div class=\"elementor-spacer-inner\"><\/div>\n\t\t<\/div>\n\t\t\t\t<\/div>\n\t\t\t\t<\/div>\n\t\t\t\t\t<\/div>\n\t\t<\/div>\n\t\t\t\t\t\t\t<\/div>\n\t\t<\/section>\n\t\t\t\t\t\t<\/div>\n\t\t\t\t\t<\/div>\n\t\t","protected":false},"excerpt":{"rendered":"<p>Kurse und Dienste buchen Wenn Sie sich f\u00fcr meine Kurse oder Dienstleistungen interessieren und ein individuelles Angebot w\u00fcnschen, kontaktieren Sie mich bitte! Hier k\u00f6nnen Sie unverbindlich Kurszeiten, Buchungen, Preise und Sonderangebote erfragen. Vielen Dank f\u00fcr Ihre Kontaktaufnahme. Ich werde mich alsbald bei Ihnen melden.<\/p>\n","protected":false},"author":1,"featured_media":0,"parent":0,"menu_order":0,"comment_status":"closed","ping_status":"closed","template":"","meta":{"footnotes":""},"class_list":["post-23","page","type-page","status-publish","hentry"],"_links":{"self":[{"href":"https:\/\/culturessense.com\/de\/wp-json\/wp\/v2\/pages\/23","targetHints":{"allow":["GET"]}}],"collection":[{"href":"https:\/\/culturessense.com\/de\/wp-json\/wp\/v2\/pages"}],"about":[{"href":"https:\/\/culturessense.com\/de\/wp-json\/wp\/v2\/types\/page"}],"author":[{"embeddable":true,"href":"https:\/\/culturessense.com\/de\/wp-json\/wp\/v2\/users\/1"}],"replies":[{"embeddable":true,"href":"https:\/\/culturessense.com\/de\/wp-json\/wp\/v2\/comments?post=23"}],"version-history":[{"count":33,"href":"https:\/\/culturessense.com\/de\/wp-json\/wp\/v2\/pages\/23\/revisions"}],"predecessor-version":[{"id":1150,"href":"https:\/\/culturessense.com\/de\/wp-json\/wp\/v2\/pages\/23\/revisions\/1150"}],"wp:attachment":[{"href":"https:\/\/culturessense.com\/de\/wp-json\/wp\/v2\/media?parent=23"}],"curies":[{"name":"wp","href":"https:\/\/api.w.org\/{rel}","templated":true}]}}