{"id":25,"date":"2021-07-06T12:00:55","date_gmt":"2021-07-06T12:00:55","guid":{"rendered":"http:\/\/culturessense.com\/?page_id=25"},"modified":"2021-09-09T14:42:12","modified_gmt":"2021-09-09T14:42:12","slug":"sprachkurse","status":"publish","type":"page","link":"https:\/\/culturessense.com\/de\/sprachkurse\/","title":{"rendered":"Sprachkurse"},"content":{"rendered":"\t\t<div data-elementor-type=\"wp-page\" data-elementor-id=\"25\" class=\"elementor elementor-25\" data-elementor-settings=\"[]\">\n\t\t\t\t\t\t\t<div class=\"elementor-section-wrap\">\n\t\t\t\t\t\t\t<section class=\"elementor-section elementor-top-section elementor-element elementor-element-657a273c elementor-section-boxed elementor-section-height-default elementor-section-height-default\" data-id=\"657a273c\" data-element_type=\"section\">\n\t\t\t\t\t\t<div class=\"elementor-container elementor-column-gap-default\">\n\t\t\t\t\t<div class=\"elementor-column elementor-col-100 elementor-top-column elementor-element elementor-element-112e01cb\" data-id=\"112e01cb\" data-element_type=\"column\">\n\t\t\t<div class=\"elementor-widget-wrap elementor-element-populated\">\n\t\t\t\t\t\t\t\t<div class=\"elementor-element elementor-element-2c3a4f65 elementor-widget elementor-widget-spacer\" data-id=\"2c3a4f65\" data-element_type=\"widget\" data-widget_type=\"spacer.default\">\n\t\t\t\t<div class=\"elementor-widget-container\">\n\t\t\t\t\t<div class=\"elementor-spacer\">\n\t\t\t<div class=\"elementor-spacer-inner\"><\/div>\n\t\t<\/div>\n\t\t\t\t<\/div>\n\t\t\t\t<\/div>\n\t\t\t\t<div class=\"elementor-element elementor-element-205c70c2 elementor-widget elementor-widget-heading\" data-id=\"205c70c2\" data-element_type=\"widget\" data-widget_type=\"heading.default\">\n\t\t\t\t<div class=\"elementor-widget-container\">\n\t\t\t<h1 class=\"elementor-heading-title elementor-size-default\">Sprachkurse (inkl. Kultur- und Landeskunde)<\/h1>\t\t<\/div>\n\t\t\t\t<\/div>\n\t\t\t\t<div class=\"elementor-element elementor-element-4289fca1 elementor-widget elementor-widget-text-editor\" data-id=\"4289fca1\" data-element_type=\"widget\" data-widget_type=\"text-editor.default\">\n\t\t\t\t<div class=\"elementor-widget-container\">\n\t\t\t\t\t\t\t\t<p><em>\u201eDie Grenzen meiner Sprache bedeuten die Grenzen meiner Welt.\u201c<\/em> (Ludwig Wittgenstein)<br \/><br \/>Sprache ist eines der wichtigsten Kommunikationsmittel und vor allem in der heutigen globalisierten Welt wichtiger denn je, sowohl privat als auch beruflich. Dennoch ist es immer auch eine Herausforderung, eine Fremdsprache zu erlernen. Mit mittlerweile 20 Jahren Unterrichtserfahrung (Teilnehmer jeden Alters und mit den verschiedensten Vorkenntnissen) wei\u00df ich, mit welchen Problemen Menschen konfrontiert sind, die eine neue Sprache erlernen oder vertiefen m\u00f6chten. Effektives Lernen ist abwechslungsreich, interaktiv, spannend, humorvoll und auf die W\u00fcnsche und Bed\u00fcrfnisse der Teilnehmer zugeschnitten. Durch meinen spielerischen Ansatz sind diese Kurse besonders auch f\u00fcr Leute mit Lernblockaden geeignet, die keinem \u201eSchema F\u201c folgen m\u00f6chten. Rollenspiele, Musik, Konversations- und Pr\u00e4sentationstraining, spannende Geschichten, R\u00e4tsel, Witze, aber auch Kultur und Landeskunde geh\u00f6ren ebenso zu den Kursen wie allgemeine Lern- und Ged\u00e4chtnistipps, Bild- und Videomaterialien und diverse Spiele.<\/p><p>Alle Kurse sind sowohl als Online-Trainings und damit weltweit, als auch vor Ort als Inhouse-Schulung buchbar.<\/p>\t\t\t\t\t\t<\/div>\n\t\t\t\t<\/div>\n\t\t\t\t<div class=\"elementor-element elementor-element-5ce66011 elementor-widget elementor-widget-heading\" data-id=\"5ce66011\" data-element_type=\"widget\" data-widget_type=\"heading.default\">\n\t\t\t\t<div class=\"elementor-widget-container\">\n\t\t\t<h2 class=\"elementor-heading-title elementor-size-default\">Ich unterrichte folgende Sprachen:<\/h2>\t\t<\/div>\n\t\t\t\t<\/div>\n\t\t\t\t<div class=\"elementor-element elementor-element-727ebd60 elementor-icon-list--layout-traditional elementor-list-item-link-full_width elementor-widget elementor-widget-icon-list\" data-id=\"727ebd60\" data-element_type=\"widget\" data-widget_type=\"icon-list.default\">\n\t\t\t\t<div class=\"elementor-widget-container\">\n\t\t\t\t\t<ul class=\"elementor-icon-list-items\">\n\t\t\t\t\t\t\t<li class=\"elementor-icon-list-item\">\n\t\t\t\t\t\t\t\t\t\t\t<span class=\"elementor-icon-list-icon\">\n\t\t\t\t\t\t\t<i aria-hidden=\"true\" class=\"fas fa-check\"><\/i>\t\t\t\t\t\t<\/span>\n\t\t\t\t\t\t\t\t\t\t<span class=\"elementor-icon-list-text\">Englisch<\/span>\n\t\t\t\t\t\t\t\t\t<\/li>\n\t\t\t\t\t\t\t\t<li class=\"elementor-icon-list-item\">\n\t\t\t\t\t\t\t\t\t\t\t<span class=\"elementor-icon-list-icon\">\n\t\t\t\t\t\t\t<i aria-hidden=\"true\" class=\"fas fa-check\"><\/i>\t\t\t\t\t\t<\/span>\n\t\t\t\t\t\t\t\t\t\t<span class=\"elementor-icon-list-text\">Deutsch<\/span>\n\t\t\t\t\t\t\t\t\t<\/li>\n\t\t\t\t\t\t\t\t<li class=\"elementor-icon-list-item\">\n\t\t\t\t\t\t\t\t\t\t\t<span class=\"elementor-icon-list-icon\">\n\t\t\t\t\t\t\t<i aria-hidden=\"true\" class=\"fas fa-check\"><\/i>\t\t\t\t\t\t<\/span>\n\t\t\t\t\t\t\t\t\t\t<span class=\"elementor-icon-list-text\">Spanisch f\u00fcr Anf\u00e4nger<\/span>\n\t\t\t\t\t\t\t\t\t<\/li>\n\t\t\t\t\t\t\t\t<li class=\"elementor-icon-list-item\">\n\t\t\t\t\t\t\t\t\t\t\t<span class=\"elementor-icon-list-icon\">\n\t\t\t\t\t\t\t<i aria-hidden=\"true\" class=\"fas fa-check\"><\/i>\t\t\t\t\t\t<\/span>\n\t\t\t\t\t\t\t\t\t\t<span class=\"elementor-icon-list-text\">Bairisch<\/span>\n\t\t\t\t\t\t\t\t\t<\/li>\n\t\t\t\t\t\t<\/ul>\n\t\t\t\t<\/div>\n\t\t\t\t<\/div>\n\t\t\t\t<div class=\"elementor-element elementor-element-1cde1caf elementor-widget elementor-widget-button\" data-id=\"1cde1caf\" data-element_type=\"widget\" data-widget_type=\"button.default\">\n\t\t\t\t<div class=\"elementor-widget-container\">\n\t\t\t\t\t<div class=\"elementor-button-wrapper\">\n\t\t\t<a href=\"https:\/\/culturessense.com\/de\/kontakt\/\" class=\"elementor-button-link elementor-button elementor-size-sm\" role=\"button\">\n\t\t\t\t\t\t<span class=\"elementor-button-content-wrapper\">\n\t\t\t\t\t\t<span class=\"elementor-button-text\">Jetzt anfragen<\/span>\n\t\t<\/span>\n\t\t\t\t\t<\/a>\n\t\t<\/div>\n\t\t\t\t<\/div>\n\t\t\t\t<\/div>\n\t\t\t\t<div class=\"elementor-element elementor-element-2f409786 elementor-widget elementor-widget-spacer\" data-id=\"2f409786\" data-element_type=\"widget\" data-widget_type=\"spacer.default\">\n\t\t\t\t<div class=\"elementor-widget-container\">\n\t\t\t\t\t<div class=\"elementor-spacer\">\n\t\t\t<div class=\"elementor-spacer-inner\"><\/div>\n\t\t<\/div>\n\t\t\t\t<\/div>\n\t\t\t\t<\/div>\n\t\t\t\t\t<\/div>\n\t\t<\/div>\n\t\t\t\t\t\t\t<\/div>\n\t\t<\/section>\n\t\t\t\t\t\t<\/div>\n\t\t\t\t\t<\/div>\n\t\t","protected":false},"excerpt":{"rendered":"<p>Sprachkurse (inkl. Kultur- und Landeskunde) \u201eDie Grenzen meiner Sprache bedeuten die Grenzen meiner Welt.\u201c (Ludwig Wittgenstein) Sprache ist eines der wichtigsten Kommunikationsmittel und vor allem in der heutigen globalisierten Welt wichtiger denn je, sowohl privat als auch beruflich. Dennoch ist es immer auch eine Herausforderung, eine Fremdsprache zu erlernen. Mit mittlerweile 20 Jahren Unterrichtserfahrung (Teilnehmer [&hellip;]<\/p>\n","protected":false},"author":1,"featured_media":0,"parent":0,"menu_order":0,"comment_status":"closed","ping_status":"closed","template":"","meta":{"footnotes":""},"class_list":["post-25","page","type-page","status-publish","hentry"],"_links":{"self":[{"href":"https:\/\/culturessense.com\/de\/wp-json\/wp\/v2\/pages\/25","targetHints":{"allow":["GET"]}}],"collection":[{"href":"https:\/\/culturessense.com\/de\/wp-json\/wp\/v2\/pages"}],"about":[{"href":"https:\/\/culturessense.com\/de\/wp-json\/wp\/v2\/types\/page"}],"author":[{"embeddable":true,"href":"https:\/\/culturessense.com\/de\/wp-json\/wp\/v2\/users\/1"}],"replies":[{"embeddable":true,"href":"https:\/\/culturessense.com\/de\/wp-json\/wp\/v2\/comments?post=25"}],"version-history":[{"count":19,"href":"https:\/\/culturessense.com\/de\/wp-json\/wp\/v2\/pages\/25\/revisions"}],"predecessor-version":[{"id":1229,"href":"https:\/\/culturessense.com\/de\/wp-json\/wp\/v2\/pages\/25\/revisions\/1229"}],"wp:attachment":[{"href":"https:\/\/culturessense.com\/de\/wp-json\/wp\/v2\/media?parent=25"}],"curies":[{"name":"wp","href":"https:\/\/api.w.org\/{rel}","templated":true}]}}