{"id":31,"date":"2021-07-06T12:01:45","date_gmt":"2021-07-06T12:01:45","guid":{"rendered":"http:\/\/culturessense.com\/?page_id=31"},"modified":"2021-07-28T22:19:21","modified_gmt":"2021-07-28T22:19:21","slug":"ueber-mich","status":"publish","type":"page","link":"https:\/\/culturessense.com\/de\/ueber-mich\/","title":{"rendered":"\u00dcber mich"},"content":{"rendered":"\t\t<div data-elementor-type=\"wp-page\" data-elementor-id=\"31\" class=\"elementor elementor-31\" data-elementor-settings=\"[]\">\n\t\t\t\t\t\t\t<div class=\"elementor-section-wrap\">\n\t\t\t\t\t\t\t<section class=\"elementor-section elementor-top-section elementor-element elementor-element-6964731b elementor-section-boxed elementor-section-height-default elementor-section-height-default\" data-id=\"6964731b\" data-element_type=\"section\">\n\t\t\t\t\t\t<div class=\"elementor-container elementor-column-gap-default\">\n\t\t\t\t\t<div class=\"elementor-column elementor-col-100 elementor-top-column elementor-element elementor-element-9ec4e75\" data-id=\"9ec4e75\" data-element_type=\"column\">\n\t\t\t<div class=\"elementor-widget-wrap elementor-element-populated\">\n\t\t\t\t\t\t\t\t<div class=\"elementor-element elementor-element-65912a5b elementor-widget elementor-widget-spacer\" data-id=\"65912a5b\" data-element_type=\"widget\" data-widget_type=\"spacer.default\">\n\t\t\t\t<div class=\"elementor-widget-container\">\n\t\t\t\t\t<div class=\"elementor-spacer\">\n\t\t\t<div class=\"elementor-spacer-inner\"><\/div>\n\t\t<\/div>\n\t\t\t\t<\/div>\n\t\t\t\t<\/div>\n\t\t\t\t<div class=\"elementor-element elementor-element-40d9299 elementor-widget elementor-widget-heading\" data-id=\"40d9299\" data-element_type=\"widget\" data-widget_type=\"heading.default\">\n\t\t\t\t<div class=\"elementor-widget-container\">\n\t\t\t<h1 class=\"elementor-heading-title elementor-size-default\">\u00dcber mich<\/h1>\t\t<\/div>\n\t\t\t\t<\/div>\n\t\t\t\t<div class=\"elementor-element elementor-element-6aff63cf elementor-widget elementor-widget-text-editor\" data-id=\"6aff63cf\" data-element_type=\"widget\" data-widget_type=\"text-editor.default\">\n\t\t\t\t<div class=\"elementor-widget-container\">\n\t\t\t\t\t\t\t\t<p>Nicht nur verschiedene L\u00e4nder, Kulturen und Sprachen waren schon immer meine Leidenschaft, sondern auch die Wissensvermittlung. Aufgewachsen im l\u00e4ndlichen Oberbayern hat es mich schon fr\u00fch in die gro\u00dfe, weite Welt gezogen. Ich habe in den USA, Spanien, Nicaragua und Thailand gelebt, habe mittlerweile 47 L\u00e4nder bereist (v.a. in Europa, S\u00fcdostasien und Lateinamerika) und wei\u00df, mit welchen Herausforderungen man als Fremder in anderen L\u00e4ndern konfrontiert ist und wie wichtig Kommunikation und Verst\u00e4ndnis bez\u00fcglich Mentalit\u00e4t und Gepflogenheiten sind.<\/p>\t\t\t\t\t\t<\/div>\n\t\t\t\t<\/div>\n\t\t\t\t<div class=\"elementor-element elementor-element-714c2f80 elementor-widget elementor-widget-text-editor\" data-id=\"714c2f80\" data-element_type=\"widget\" data-widget_type=\"text-editor.default\">\n\t\t\t\t<div class=\"elementor-widget-container\">\n\t\t\t\t\t\t\t\t<p>Als staatlich gepr\u00fcfte, \u00f6ffentlich bestellte und allgemein beeidigte \u00dcbersetzerin und Dolmetscherin (Deutsch\/ Englisch) kenne ich alle Facetten dieser Sprachen und kann sie mit Spa\u00df, Abwechslung und Humor vermitteln. Meine langj\u00e4hrige Erfahrung im Unterrichten erm\u00f6glicht es mir, besonders auch auf Menschen mit Lernblockaden einzugehen und den Unterricht praxisnah und spannend zu gestalten, individuell angepasst an die jeweiligen Bed\u00fcrfnisse und Ziele der Teilnehmer. Effektives Lernen soll Spa\u00df machen!<\/p>\t\t\t\t\t\t<\/div>\n\t\t\t\t<\/div>\n\t\t\t\t<div class=\"elementor-element elementor-element-12e81512 elementor-widget elementor-widget-text-editor\" data-id=\"12e81512\" data-element_type=\"widget\" data-widget_type=\"text-editor.default\">\n\t\t\t\t<div class=\"elementor-widget-container\">\n\t\t\t\t\t\t\t\t<p>Ein besonderes Anliegen ist es mir, Ausl\u00e4ndern, die in Deutschland leben und arbeiten m\u00f6chten oder bereits hier sind, Land und Leute n\u00e4her zu bringen. Meine praxisorientierten Cultural Awareness Trainings (C.A.T.), also interkulturelle (Kompetenz-) Trainings, liefern alle wichtigen Informationen zu Geschichte, Kultur, Umgangsformen, Institutionen, Gesch\u00e4fts- und Privatleben, Alltag, Familie, Bildung, Gesundheit, Freizeit, Politik, Wirtschaft uvm.!<\/p><p>Seit 2008 bin ich auch als Stadtf\u00fchrerin t\u00e4tig und zeige Touristen und Einheimischen die Highlights von M\u00fcnchen und dem Umland. Sp\u00e4ter habe ich Touren in zw\u00f6lf L\u00e4ndern rund um den Globus organisiert und durchgef\u00fchrt.<\/p><p>F\u00fcr mich ist es wichtig, nicht nur Fakten zu vermitteln, sondern auch Hintergrundwissen, z.B. warum manche Dinge so sind, wie sie sind oder wie es dazu kam, also nicht nur zu verstehen, wie etwas ist, sondern auch wieso es so ist. Sie werden einige Dinge \u00fcber M\u00fcnchen, Deutschland und die Deutschen erfahren, die nicht einmal die Deutschen selbst wissen, Sie k\u00f6nnen also einige &#8222;Aha-Erlebnisse&#8220; erwarten!<\/p><p>Bitte lassen Sie mich wissen, wenn ich noch etwas f\u00fcr Sie tun kann. Ich helfe gerne und freue mich darauf, von Ihnen zu h\u00f6ren!<\/p>\t\t\t\t\t\t<\/div>\n\t\t\t\t<\/div>\n\t\t\t\t<div class=\"elementor-element elementor-element-56ca32b7 elementor-widget elementor-widget-text-editor\" data-id=\"56ca32b7\" data-element_type=\"widget\" data-widget_type=\"text-editor.default\">\n\t\t\t\t<div class=\"elementor-widget-container\">\n\t\t\t\t\t\t\t\t\t\t\t\t\t\t<\/div>\n\t\t\t\t<\/div>\n\t\t\t\t<div class=\"elementor-element elementor-element-966f7bf elementor-widget elementor-widget-image\" data-id=\"966f7bf\" data-element_type=\"widget\" data-widget_type=\"image.default\">\n\t\t\t\t<div class=\"elementor-widget-container\">\n\t\t\t\t\t\t\t\t\t\t\t\t\t\t\t<img loading=\"lazy\" decoding=\"async\" width=\"800\" height=\"600\" src=\"https:\/\/culturessense.com\/wp-content\/uploads\/2021\/07\/IMG_4932-1024x768.jpg\" class=\"attachment-large size-large\" alt=\"\" srcset=\"https:\/\/culturessense.com\/wp-content\/uploads\/2021\/07\/IMG_4932-1024x768.jpg 1024w, https:\/\/culturessense.com\/wp-content\/uploads\/2021\/07\/IMG_4932-300x225.jpg 300w, https:\/\/culturessense.com\/wp-content\/uploads\/2021\/07\/IMG_4932-768x576.jpg 768w, https:\/\/culturessense.com\/wp-content\/uploads\/2021\/07\/IMG_4932-1536x1152.jpg 1536w, https:\/\/culturessense.com\/wp-content\/uploads\/2021\/07\/IMG_4932-2048x1536.jpg 2048w\" sizes=\"auto, (max-width: 800px) 100vw, 800px\" \/>\t\t\t\t\t\t\t\t\t\t\t\t\t\t\t<\/div>\n\t\t\t\t<\/div>\n\t\t\t\t<div class=\"elementor-element elementor-element-1a5e53f elementor-widget elementor-widget-text-editor\" data-id=\"1a5e53f\" data-element_type=\"widget\" data-widget_type=\"text-editor.default\">\n\t\t\t\t<div class=\"elementor-widget-container\">\n\t\t\t\t\t\t\t\t\t\t\t\t\t\t<\/div>\n\t\t\t\t<\/div>\n\t\t\t\t\t<\/div>\n\t\t<\/div>\n\t\t\t\t\t\t\t<\/div>\n\t\t<\/section>\n\t\t\t\t\t\t<\/div>\n\t\t\t\t\t<\/div>\n\t\t","protected":false},"excerpt":{"rendered":"<p>\u00dcber mich Nicht nur verschiedene L\u00e4nder, Kulturen und Sprachen waren schon immer meine Leidenschaft, sondern auch die Wissensvermittlung. Aufgewachsen im l\u00e4ndlichen Oberbayern hat es mich schon fr\u00fch in die gro\u00dfe, weite Welt gezogen. Ich habe in den USA, Spanien, Nicaragua und Thailand gelebt, habe mittlerweile 47 L\u00e4nder bereist (v.a. in Europa, S\u00fcdostasien und Lateinamerika) und [&hellip;]<\/p>\n","protected":false},"author":1,"featured_media":0,"parent":0,"menu_order":0,"comment_status":"closed","ping_status":"closed","template":"","meta":{"footnotes":""},"class_list":["post-31","page","type-page","status-publish","hentry"],"_links":{"self":[{"href":"https:\/\/culturessense.com\/de\/wp-json\/wp\/v2\/pages\/31","targetHints":{"allow":["GET"]}}],"collection":[{"href":"https:\/\/culturessense.com\/de\/wp-json\/wp\/v2\/pages"}],"about":[{"href":"https:\/\/culturessense.com\/de\/wp-json\/wp\/v2\/types\/page"}],"author":[{"embeddable":true,"href":"https:\/\/culturessense.com\/de\/wp-json\/wp\/v2\/users\/1"}],"replies":[{"embeddable":true,"href":"https:\/\/culturessense.com\/de\/wp-json\/wp\/v2\/comments?post=31"}],"version-history":[{"count":22,"href":"https:\/\/culturessense.com\/de\/wp-json\/wp\/v2\/pages\/31\/revisions"}],"predecessor-version":[{"id":1191,"href":"https:\/\/culturessense.com\/de\/wp-json\/wp\/v2\/pages\/31\/revisions\/1191"}],"wp:attachment":[{"href":"https:\/\/culturessense.com\/de\/wp-json\/wp\/v2\/media?parent=31"}],"curies":[{"name":"wp","href":"https:\/\/api.w.org\/{rel}","templated":true}]}}