{"id":35,"date":"2021-07-06T12:02:37","date_gmt":"2021-07-06T12:02:37","guid":{"rendered":"http:\/\/culturessense.com\/?page_id=35"},"modified":"2021-07-28T22:02:45","modified_gmt":"2021-07-28T22:02:45","slug":"workshops","status":"publish","type":"page","link":"https:\/\/culturessense.com\/de\/workshops\/","title":{"rendered":"Workshops"},"content":{"rendered":"\t\t<div data-elementor-type=\"wp-page\" data-elementor-id=\"35\" class=\"elementor elementor-35\" data-elementor-settings=\"[]\">\n\t\t\t\t\t\t\t<div class=\"elementor-section-wrap\">\n\t\t\t\t\t\t\t<section class=\"elementor-section elementor-top-section elementor-element elementor-element-41df958a elementor-section-boxed elementor-section-height-default elementor-section-height-default\" data-id=\"41df958a\" data-element_type=\"section\">\n\t\t\t\t\t\t<div class=\"elementor-container elementor-column-gap-default\">\n\t\t\t\t\t<div class=\"elementor-column elementor-col-100 elementor-top-column elementor-element elementor-element-3c2dd910\" data-id=\"3c2dd910\" data-element_type=\"column\">\n\t\t\t<div class=\"elementor-widget-wrap elementor-element-populated\">\n\t\t\t\t\t\t\t\t<div class=\"elementor-element elementor-element-7a5be65e elementor-widget elementor-widget-spacer\" data-id=\"7a5be65e\" data-element_type=\"widget\" data-widget_type=\"spacer.default\">\n\t\t\t\t<div class=\"elementor-widget-container\">\n\t\t\t\t\t<div class=\"elementor-spacer\">\n\t\t\t<div class=\"elementor-spacer-inner\"><\/div>\n\t\t<\/div>\n\t\t\t\t<\/div>\n\t\t\t\t<\/div>\n\t\t\t\t<div class=\"elementor-element elementor-element-3dc832f6 elementor-widget elementor-widget-heading\" data-id=\"3dc832f6\" data-element_type=\"widget\" data-widget_type=\"heading.default\">\n\t\t\t\t<div class=\"elementor-widget-container\">\n\t\t\t<h1 class=\"elementor-heading-title elementor-size-default\">Workshops<\/h1>\t\t<\/div>\n\t\t\t\t<\/div>\n\t\t\t\t<div class=\"elementor-element elementor-element-5e998ec4 elementor-widget elementor-widget-text-editor\" data-id=\"5e998ec4\" data-element_type=\"widget\" data-widget_type=\"text-editor.default\">\n\t\t\t\t<div class=\"elementor-widget-container\">\n\t\t\t\t\t\t\t\t<p><strong>Online oder vor Ort bei Ihnen!<\/strong><\/p>\t\t\t\t\t\t<\/div>\n\t\t\t\t<\/div>\n\t\t\t\t<div class=\"elementor-element elementor-element-35abb21c elementor-widget elementor-widget-heading\" data-id=\"35abb21c\" data-element_type=\"widget\" data-widget_type=\"heading.default\">\n\t\t\t\t<div class=\"elementor-widget-container\">\n\t\t\t<h2 class=\"elementor-heading-title elementor-size-default\">Witches & Bitches<\/h2>\t\t<\/div>\n\t\t\t\t<\/div>\n\t\t\t\t<div class=\"elementor-element elementor-element-cc2083d elementor-widget elementor-widget-image\" data-id=\"cc2083d\" data-element_type=\"widget\" data-widget_type=\"image.default\">\n\t\t\t\t<div class=\"elementor-widget-container\">\n\t\t\t\t\t\t\t\t\t\t\t\t\t\t\t<img loading=\"lazy\" decoding=\"async\" width=\"282\" height=\"300\" src=\"https:\/\/culturessense.com\/wp-content\/uploads\/2021\/07\/witch-1461961_640-282x300.png\" class=\"attachment-medium size-medium\" alt=\"\" srcset=\"https:\/\/culturessense.com\/wp-content\/uploads\/2021\/07\/witch-1461961_640-282x300.png 282w, https:\/\/culturessense.com\/wp-content\/uploads\/2021\/07\/witch-1461961_640.png 602w\" sizes=\"auto, (max-width: 282px) 100vw, 282px\" \/>\t\t\t\t\t\t\t\t\t\t\t\t\t\t\t<\/div>\n\t\t\t\t<\/div>\n\t\t\t\t<div class=\"elementor-element elementor-element-236fe5c7 elementor-widget elementor-widget-text-editor\" data-id=\"236fe5c7\" data-element_type=\"widget\" data-widget_type=\"text-editor.default\">\n\t\t\t\t<div class=\"elementor-widget-container\">\n\t\t\t\t\t\t\t\t<p>Was ist eine Hexe? Gibt es Zauberei? Was hat der Flug auf dem Besen mit Rauschzust\u00e4nden zu tun? Und was haben Hexen, Henker, Huren und Gl\u00fccksspieler alle gemein? Wieso gab es im Mittelalter wesentlich weniger Hexenverbrennungen als in der fr\u00fchen Neuzeit? Wieso war man davon \u00fcberzeugt, Hexen h\u00e4tten wilden Sex mit dem Teufel und welche Rolle spielte die Kirche? Was passierte bei einer Hexenprobe und wieso musste die vermeintliche Hexe verbrannt werden?<\/p><p>Tauchen Sie ein in eine Zeit, in der Glaube, Aberglaube, Folter, Sex, Prostitution und Exekution Hand in Hand gingen.<br \/>Finden Sie heraus, woher Ausdr\u00fccke wie Puff oder auf den Strich gehen kommen, wie die Henker, obwohl ge\u00e4chtet, zu bescheidenem Wohlstand kamen und was seine Nebent\u00e4tigkeit als Zuh\u00e4lter und der Verkauf von K\u00f6rperfl\u00fcssigkeiten damit zu tun hat.<\/p><p>Dieser Workshop gew\u00e4hrt auch Einblicke in die Grundlagen von wei\u00dfer Magie, Ritualen, Zauberspr\u00fcchen und die Macht der Kr\u00e4uter. Bringen Sie etwas Magie in Ihr Leben und lernen Sie, wie Sie mit allt\u00e4glichen K\u00fcchengew\u00fcrzen Ihrem Alltag etwas Zauber verleihen k\u00f6nnen!<\/p><p>F\u00fcr den Online-Workshop bekommen Sie die Kr\u00e4uter und Gew\u00fcrze vorab geliefert.<\/p>\t\t\t\t\t\t<\/div>\n\t\t\t\t<\/div>\n\t\t\t\t<div class=\"elementor-element elementor-element-45b57b1e elementor-widget elementor-widget-button\" data-id=\"45b57b1e\" data-element_type=\"widget\" data-widget_type=\"button.default\">\n\t\t\t\t<div class=\"elementor-widget-container\">\n\t\t\t\t\t<div class=\"elementor-button-wrapper\">\n\t\t\t<a href=\"\/kontakt\/\" class=\"elementor-button-link elementor-button elementor-size-sm\" role=\"button\">\n\t\t\t\t\t\t<span class=\"elementor-button-content-wrapper\">\n\t\t\t\t\t\t<span class=\"elementor-button-text\">Jetzt anfragen<\/span>\n\t\t<\/span>\n\t\t\t\t\t<\/a>\n\t\t<\/div>\n\t\t\t\t<\/div>\n\t\t\t\t<\/div>\n\t\t\t\t<div class=\"elementor-element elementor-element-4148c9d elementor-widget elementor-widget-spacer\" data-id=\"4148c9d\" data-element_type=\"widget\" data-widget_type=\"spacer.default\">\n\t\t\t\t<div class=\"elementor-widget-container\">\n\t\t\t\t\t<div class=\"elementor-spacer\">\n\t\t\t<div class=\"elementor-spacer-inner\"><\/div>\n\t\t<\/div>\n\t\t\t\t<\/div>\n\t\t\t\t<\/div>\n\t\t\t\t<div class=\"elementor-element elementor-element-bfadfc4 elementor-widget elementor-widget-heading\" data-id=\"bfadfc4\" data-element_type=\"widget\" data-widget_type=\"heading.default\">\n\t\t\t\t<div class=\"elementor-widget-container\">\n\t\t\t<h2 class=\"elementor-heading-title elementor-size-default\">Die faszinierende Welt des Bieres (mit Bierprobe)<\/h2>\t\t<\/div>\n\t\t\t\t<\/div>\n\t\t\t\t<section class=\"elementor-section elementor-inner-section elementor-element elementor-element-08f1ae1 elementor-section-boxed elementor-section-height-default elementor-section-height-default\" data-id=\"08f1ae1\" data-element_type=\"section\">\n\t\t\t\t\t\t<div class=\"elementor-container elementor-column-gap-default\">\n\t\t\t\t\t<div class=\"elementor-column elementor-col-50 elementor-inner-column elementor-element elementor-element-fef60a3\" data-id=\"fef60a3\" data-element_type=\"column\">\n\t\t\t<div class=\"elementor-widget-wrap elementor-element-populated\">\n\t\t\t\t\t\t\t\t<div class=\"elementor-element elementor-element-ef74731 elementor-widget elementor-widget-text-editor\" data-id=\"ef74731\" data-element_type=\"widget\" data-widget_type=\"text-editor.default\">\n\t\t\t\t<div class=\"elementor-widget-container\">\n\t\t\t\t\t\t\t\t<p>Die Geschichte des Bieres ist so vielf\u00e4ltig wie faszinierend!<br \/>Woher kommt Bier? Warum gibt es das Reinheitsgebot? Wieso findet das Oktoberfest im September statt? Warum ist das Oktoberfestbier st\u00e4rker? Weshalb war Wei\u00dfbier in Bayern illegal? Wieso st\u00f6\u00dft man an? Was bedeutet Prost? Wie kam es, dass M\u00fcnchen von einer Weinstadt zu der bekanntesten Biermetropole der Welt wurde? Wieso gab es so viele Klosterbrauereien und weshalb gilt Bier heute noch als Lebensmittel? Warum haben Brauer den Davidstern verwendet? Weshalb darf man in M\u00fcnchner Bierg\u00e4rten sein Essen selbst mitbringen?<br \/>Dies und noch viel mehr erfahren Sie bei diesem interaktiven Workshop!<\/p><p>\u00a0<\/p><p>Es werden verschiedene Bierspezialit\u00e4ten verk\u00f6stigt (f\u00fcr den Online-Workshop bekommen Sie vorab die Biere geliefert).<\/p>\t\t\t\t\t\t<\/div>\n\t\t\t\t<\/div>\n\t\t\t\t<div class=\"elementor-element elementor-element-a79c96d elementor-align-left elementor-widget elementor-widget-button\" data-id=\"a79c96d\" data-element_type=\"widget\" data-widget_type=\"button.default\">\n\t\t\t\t<div class=\"elementor-widget-container\">\n\t\t\t\t\t<div class=\"elementor-button-wrapper\">\n\t\t\t<a href=\"\/kontakt\/\" class=\"elementor-button-link elementor-button elementor-size-sm\" role=\"button\">\n\t\t\t\t\t\t<span class=\"elementor-button-content-wrapper\">\n\t\t\t\t\t\t<span class=\"elementor-button-text\">Jetzt anfragen<\/span>\n\t\t<\/span>\n\t\t\t\t\t<\/a>\n\t\t<\/div>\n\t\t\t\t<\/div>\n\t\t\t\t<\/div>\n\t\t\t\t\t<\/div>\n\t\t<\/div>\n\t\t\t\t<div class=\"elementor-column elementor-col-50 elementor-inner-column elementor-element elementor-element-5f8b135\" data-id=\"5f8b135\" data-element_type=\"column\">\n\t\t\t<div class=\"elementor-widget-wrap elementor-element-populated\">\n\t\t\t\t\t\t\t\t<div class=\"elementor-element elementor-element-41886f1 elementor-widget elementor-widget-image\" data-id=\"41886f1\" data-element_type=\"widget\" data-widget_type=\"image.default\">\n\t\t\t\t<div class=\"elementor-widget-container\">\n\t\t\t\t\t\t\t\t\t\t\t\t\t\t\t<img loading=\"lazy\" decoding=\"async\" width=\"300\" height=\"199\" src=\"https:\/\/culturessense.com\/wp-content\/uploads\/2021\/07\/beer-2439237_640-300x199.jpg\" class=\"attachment-medium size-medium\" alt=\"\" srcset=\"https:\/\/culturessense.com\/wp-content\/uploads\/2021\/07\/beer-2439237_640-300x199.jpg 300w, https:\/\/culturessense.com\/wp-content\/uploads\/2021\/07\/beer-2439237_640.jpg 640w\" sizes=\"auto, (max-width: 300px) 100vw, 300px\" \/>\t\t\t\t\t\t\t\t\t\t\t\t\t\t\t<\/div>\n\t\t\t\t<\/div>\n\t\t\t\t\t<\/div>\n\t\t<\/div>\n\t\t\t\t\t\t\t<\/div>\n\t\t<\/section>\n\t\t\t\t<div class=\"elementor-element elementor-element-fef7295 elementor-widget elementor-widget-spacer\" data-id=\"fef7295\" data-element_type=\"widget\" data-widget_type=\"spacer.default\">\n\t\t\t\t<div class=\"elementor-widget-container\">\n\t\t\t\t\t<div class=\"elementor-spacer\">\n\t\t\t<div class=\"elementor-spacer-inner\"><\/div>\n\t\t<\/div>\n\t\t\t\t<\/div>\n\t\t\t\t<\/div>\n\t\t\t\t\t<\/div>\n\t\t<\/div>\n\t\t\t\t\t\t\t<\/div>\n\t\t<\/section>\n\t\t\t\t\t\t<\/div>\n\t\t\t\t\t<\/div>\n\t\t","protected":false},"excerpt":{"rendered":"<p>Workshops Online oder vor Ort bei Ihnen! Witches &#038; Bitches Was ist eine Hexe? Gibt es Zauberei? Was hat der Flug auf dem Besen mit Rauschzust\u00e4nden zu tun? Und was haben Hexen, Henker, Huren und Gl\u00fccksspieler alle gemein? Wieso gab es im Mittelalter wesentlich weniger Hexenverbrennungen als in der fr\u00fchen Neuzeit? Wieso war man davon [&hellip;]<\/p>\n","protected":false},"author":1,"featured_media":0,"parent":0,"menu_order":0,"comment_status":"closed","ping_status":"closed","template":"","meta":{"footnotes":""},"class_list":["post-35","page","type-page","status-publish","hentry"],"_links":{"self":[{"href":"https:\/\/culturessense.com\/de\/wp-json\/wp\/v2\/pages\/35","targetHints":{"allow":["GET"]}}],"collection":[{"href":"https:\/\/culturessense.com\/de\/wp-json\/wp\/v2\/pages"}],"about":[{"href":"https:\/\/culturessense.com\/de\/wp-json\/wp\/v2\/types\/page"}],"author":[{"embeddable":true,"href":"https:\/\/culturessense.com\/de\/wp-json\/wp\/v2\/users\/1"}],"replies":[{"embeddable":true,"href":"https:\/\/culturessense.com\/de\/wp-json\/wp\/v2\/comments?post=35"}],"version-history":[{"count":37,"href":"https:\/\/culturessense.com\/de\/wp-json\/wp\/v2\/pages\/35\/revisions"}],"predecessor-version":[{"id":1180,"href":"https:\/\/culturessense.com\/de\/wp-json\/wp\/v2\/pages\/35\/revisions\/1180"}],"wp:attachment":[{"href":"https:\/\/culturessense.com\/de\/wp-json\/wp\/v2\/media?parent=35"}],"curies":[{"name":"wp","href":"https:\/\/api.w.org\/{rel}","templated":true}]}}